{"id":149,"date":"2022-08-24T08:00:22","date_gmt":"2022-08-24T11:00:22","guid":{"rendered":"https:\/\/wp.unlimitedpool.com\/demo\/?page_id=149"},"modified":"2022-09-16T14:14:16","modified_gmt":"2022-09-16T17:14:16","slug":"exemplo1","status":"publish","type":"page","link":"https:\/\/wp.unlimitedpool.com\/demo\/exemplo1\/","title":{"rendered":"Exemplo 1"},"content":{"rendered":"\n<div class=\"wp-block-group alignfull is-layout-constrained\">\n<div class=\"wp-block-cover alignfull is-light\" style=\"min-height:560px\"><span aria-hidden=\"true\" class=\"wp-block-cover__background has-background-dim-10 has-background-dim\"><\/span><img decoding=\"async\" width=\"1920\" height=\"864\" class=\"wp-block-cover__image-background wp-image-502\" alt=\"\" src=\"https:\/\/lp.unlimitedpool.com\/assets\/uploads\/2022\/08\/casacor-brasilia-2018-desk-02.jpg\" data-object-fit=\"cover\"\/><div class=\"wp-block-cover__inner-container\">\n<div class=\"wp-block-group is-content-justification-space-between is-nowrap is-layout-flex wp-container-1\">\n<figure class=\"wp-block-image size-large is-resized\"><img decoding=\"async\" src=\"https:\/\/lp.unlimitedpool.com\/assets\/uploads\/sites\/11\/2022\/07\/UNLIMITED-01-Branco-1024x275.png\" alt=\"\" class=\"wp-image-106\" width=\"297\" height=\"79\" srcset=\"https:\/\/lp.unlimitedpool.com\/assets\/uploads\/sites\/11\/2022\/07\/UNLIMITED-01-Branco-1024x275.png 1024w, https:\/\/lp.unlimitedpool.com\/assets\/uploads\/sites\/11\/2022\/07\/UNLIMITED-01-Branco-300x81.png 300w, https:\/\/lp.unlimitedpool.com\/assets\/uploads\/sites\/11\/2022\/07\/UNLIMITED-01-Branco-768x206.png 768w, https:\/\/lp.unlimitedpool.com\/assets\/uploads\/sites\/11\/2022\/07\/UNLIMITED-01-Branco-1536x413.png 1536w, https:\/\/lp.unlimitedpool.com\/assets\/uploads\/sites\/11\/2022\/07\/UNLIMITED-01-Branco-2048x550.png 2048w\" sizes=\"(max-width: 297px) 100vw, 297px\" \/><\/figure>\n<\/div>\n<\/div><\/div>\n<\/div>\n\n\n\n<div class=\"wp-block-group is-layout-constrained\"><\/div>\n","protected":false},"excerpt":{"rendered":"","protected":false},"author":14,"featured_media":0,"parent":0,"menu_order":0,"comment_status":"closed","ping_status":"closed","template":"","meta":[],"yoast_head":"<!-- This site is optimized with the Yoast SEO Premium plugin v20.4 (Yoast SEO v20.4) - https:\/\/yoast.com\/wordpress\/plugins\/seo\/ -->\n<title>Exemplo 1 - Demonstra\u00e7\u00e3o<\/title>\n<meta name=\"robots\" content=\"index, follow, max-snippet:-1, max-image-preview:large, max-video-preview:-1\" \/>\n<link rel=\"canonical\" href=\"https:\/\/wp.unlimitedpool.com\/demo\/exemplo1\/\" \/>\n<meta property=\"og:locale\" content=\"pt_BR\" \/>\n<meta property=\"og:type\" content=\"article\" \/>\n<meta property=\"og:title\" content=\"Exemplo 1\" \/>\n<meta property=\"og:url\" content=\"https:\/\/wp.unlimitedpool.com\/demo\/exemplo1\/\" \/>\n<meta property=\"og:site_name\" content=\"Demonstra\u00e7\u00e3o\" \/>\n<meta property=\"article:modified_time\" content=\"2022-09-16T17:14:16+00:00\" \/>\n<meta property=\"og:image\" content=\"https:\/\/lp.unlimitedpool.com\/assets\/uploads\/2022\/08\/casacor-brasilia-2018-desk-02.jpg\" \/>\n<meta name=\"twitter:card\" content=\"summary_large_image\" \/>\n<meta name=\"twitter:label1\" content=\"Est. tempo de leitura\" \/>\n\t<meta name=\"twitter:data1\" content=\"1 minuto\" \/>\n<script type=\"application\/ld+json\" class=\"yoast-schema-graph\">{\"@context\":\"https:\/\/schema.org\",\"@graph\":[{\"@type\":\"WebPage\",\"@id\":\"https:\/\/wp.unlimitedpool.com\/demo\/exemplo1\/\",\"url\":\"https:\/\/wp.unlimitedpool.com\/demo\/exemplo1\/\",\"name\":\"Exemplo 1 - Demonstra\u00e7\u00e3o\",\"isPartOf\":{\"@id\":\"https:\/\/wp.unlimitedpool.com\/demo\/#website\"},\"datePublished\":\"2022-08-24T11:00:22+00:00\",\"dateModified\":\"2022-09-16T17:14:16+00:00\",\"breadcrumb\":{\"@id\":\"https:\/\/wp.unlimitedpool.com\/demo\/exemplo1\/#breadcrumb\"},\"inLanguage\":\"pt-BR\",\"potentialAction\":[{\"@type\":\"ReadAction\",\"target\":[\"https:\/\/wp.unlimitedpool.com\/demo\/exemplo1\/\"]}]},{\"@type\":\"BreadcrumbList\",\"@id\":\"https:\/\/wp.unlimitedpool.com\/demo\/exemplo1\/#breadcrumb\",\"itemListElement\":[{\"@type\":\"ListItem\",\"position\":1,\"name\":\"In\u00edcio\",\"item\":\"https:\/\/wp.unlimitedpool.com\/demo\/\"},{\"@type\":\"ListItem\",\"position\":2,\"name\":\"Exemplo 1\"}]},{\"@type\":\"WebSite\",\"@id\":\"https:\/\/wp.unlimitedpool.com\/demo\/#website\",\"url\":\"https:\/\/wp.unlimitedpool.com\/demo\/\",\"name\":\"Demonstra\u00e7\u00e3o\",\"description\":\"S\u00f3 mais um site UNLIMITED LPs Sites\",\"publisher\":{\"@id\":\"https:\/\/wp.unlimitedpool.com\/demo\/#organization\"},\"potentialAction\":[{\"@type\":\"SearchAction\",\"target\":{\"@type\":\"EntryPoint\",\"urlTemplate\":\"https:\/\/wp.unlimitedpool.com\/demo\/?s={search_term_string}\"},\"query-input\":\"required name=search_term_string\"}],\"inLanguage\":\"pt-BR\"},{\"@type\":[\"Organization\",\"Place\"],\"@id\":\"https:\/\/wp.unlimitedpool.com\/demo\/#organization\",\"name\":\"Demonstra\u00e7\u00e3o\",\"url\":\"https:\/\/wp.unlimitedpool.com\/demo\/\",\"logo\":{\"@id\":\"https:\/\/wp.unlimitedpool.com\/demo\/exemplo1\/#local-main-organization-logo\"},\"image\":{\"@id\":\"https:\/\/wp.unlimitedpool.com\/demo\/exemplo1\/#local-main-organization-logo\"},\"openingHoursSpecification\":[{\"@type\":\"OpeningHoursSpecification\",\"dayOfWeek\":[\"Sunday\",\"Monday\",\"Tuesday\",\"Wednesday\",\"Thursday\",\"Friday\",\"Saturday\"],\"opens\":\"09:00\",\"closes\":\"17:00\"}]},{\"@type\":\"ImageObject\",\"inLanguage\":\"pt-BR\",\"@id\":\"https:\/\/wp.unlimitedpool.com\/demo\/exemplo1\/#local-main-organization-logo\",\"url\":\"https:\/\/lp.unlimitedpool.com\/assets\/uploads\/sites\/11\/2022\/07\/UNLIMITED-01-1.png\",\"contentUrl\":\"https:\/\/lp.unlimitedpool.com\/assets\/uploads\/sites\/11\/2022\/07\/UNLIMITED-01-1.png\",\"width\":5000,\"height\":1343,\"caption\":\"Demonstra\u00e7\u00e3o\"}]}<\/script>\n<!-- \/ Yoast SEO Premium plugin. -->","yoast_head_json":{"title":"Exemplo 1 - Demonstra\u00e7\u00e3o","robots":{"index":"index","follow":"follow","max-snippet":"max-snippet:-1","max-image-preview":"max-image-preview:large","max-video-preview":"max-video-preview:-1"},"canonical":"https:\/\/wp.unlimitedpool.com\/demo\/exemplo1\/","og_locale":"pt_BR","og_type":"article","og_title":"Exemplo 1","og_url":"https:\/\/wp.unlimitedpool.com\/demo\/exemplo1\/","og_site_name":"Demonstra\u00e7\u00e3o","article_modified_time":"2022-09-16T17:14:16+00:00","og_image":[{"url":"https:\/\/lp.unlimitedpool.com\/assets\/uploads\/2022\/08\/casacor-brasilia-2018-desk-02.jpg"}],"twitter_card":"summary_large_image","twitter_misc":{"Est. tempo de leitura":"1 minuto"},"schema":{"@context":"https:\/\/schema.org","@graph":[{"@type":"WebPage","@id":"https:\/\/wp.unlimitedpool.com\/demo\/exemplo1\/","url":"https:\/\/wp.unlimitedpool.com\/demo\/exemplo1\/","name":"Exemplo 1 - Demonstra\u00e7\u00e3o","isPartOf":{"@id":"https:\/\/wp.unlimitedpool.com\/demo\/#website"},"datePublished":"2022-08-24T11:00:22+00:00","dateModified":"2022-09-16T17:14:16+00:00","breadcrumb":{"@id":"https:\/\/wp.unlimitedpool.com\/demo\/exemplo1\/#breadcrumb"},"inLanguage":"pt-BR","potentialAction":[{"@type":"ReadAction","target":["https:\/\/wp.unlimitedpool.com\/demo\/exemplo1\/"]}]},{"@type":"BreadcrumbList","@id":"https:\/\/wp.unlimitedpool.com\/demo\/exemplo1\/#breadcrumb","itemListElement":[{"@type":"ListItem","position":1,"name":"In\u00edcio","item":"https:\/\/wp.unlimitedpool.com\/demo\/"},{"@type":"ListItem","position":2,"name":"Exemplo 1"}]},{"@type":"WebSite","@id":"https:\/\/wp.unlimitedpool.com\/demo\/#website","url":"https:\/\/wp.unlimitedpool.com\/demo\/","name":"Demonstra\u00e7\u00e3o","description":"S\u00f3 mais um site UNLIMITED LPs Sites","publisher":{"@id":"https:\/\/wp.unlimitedpool.com\/demo\/#organization"},"potentialAction":[{"@type":"SearchAction","target":{"@type":"EntryPoint","urlTemplate":"https:\/\/wp.unlimitedpool.com\/demo\/?s={search_term_string}"},"query-input":"required name=search_term_string"}],"inLanguage":"pt-BR"},{"@type":["Organization","Place"],"@id":"https:\/\/wp.unlimitedpool.com\/demo\/#organization","name":"Demonstra\u00e7\u00e3o","url":"https:\/\/wp.unlimitedpool.com\/demo\/","logo":{"@id":"https:\/\/wp.unlimitedpool.com\/demo\/exemplo1\/#local-main-organization-logo"},"image":{"@id":"https:\/\/wp.unlimitedpool.com\/demo\/exemplo1\/#local-main-organization-logo"},"openingHoursSpecification":[{"@type":"OpeningHoursSpecification","dayOfWeek":["Sunday","Monday","Tuesday","Wednesday","Thursday","Friday","Saturday"],"opens":"09:00","closes":"17:00"}]},{"@type":"ImageObject","inLanguage":"pt-BR","@id":"https:\/\/wp.unlimitedpool.com\/demo\/exemplo1\/#local-main-organization-logo","url":"https:\/\/lp.unlimitedpool.com\/assets\/uploads\/sites\/11\/2022\/07\/UNLIMITED-01-1.png","contentUrl":"https:\/\/lp.unlimitedpool.com\/assets\/uploads\/sites\/11\/2022\/07\/UNLIMITED-01-1.png","width":5000,"height":1343,"caption":"Demonstra\u00e7\u00e3o"}]}},"_links":{"self":[{"href":"https:\/\/wp.unlimitedpool.com\/demo\/wp-json\/wp\/v2\/pages\/149"}],"collection":[{"href":"https:\/\/wp.unlimitedpool.com\/demo\/wp-json\/wp\/v2\/pages"}],"about":[{"href":"https:\/\/wp.unlimitedpool.com\/demo\/wp-json\/wp\/v2\/types\/page"}],"author":[{"embeddable":true,"href":"https:\/\/wp.unlimitedpool.com\/demo\/wp-json\/wp\/v2\/users\/14"}],"replies":[{"embeddable":true,"href":"https:\/\/wp.unlimitedpool.com\/demo\/wp-json\/wp\/v2\/comments?post=149"}],"version-history":[{"count":5,"href":"https:\/\/wp.unlimitedpool.com\/demo\/wp-json\/wp\/v2\/pages\/149\/revisions"}],"predecessor-version":[{"id":507,"href":"https:\/\/wp.unlimitedpool.com\/demo\/wp-json\/wp\/v2\/pages\/149\/revisions\/507"}],"wp:attachment":[{"href":"https:\/\/wp.unlimitedpool.com\/demo\/wp-json\/wp\/v2\/media?parent=149"}],"curies":[{"name":"wp","href":"https:\/\/api.w.org\/{rel}","templated":true}]}}